{"id":2634,"date":"2022-04-06T10:17:33","date_gmt":"2022-04-06T10:17:33","guid":{"rendered":"https:\/\/lotusmedica.lt\/nuotolinio-konsultavimo-tvarka-copy\/"},"modified":"2023-12-19T12:16:34","modified_gmt":"2023-12-19T12:16:34","slug":"remote-consultation-procedure","status":"publish","type":"page","link":"https:\/\/lotusmedica.lt\/en\/remote-consultation-procedure\/","title":{"rendered":"Remote consultation procedure"},"content":{"rendered":"<p><div class=\"fusion-fullwidth fullwidth-box fusion-builder-row-1 fusion-flex-container header-section arrow-down nonhundred-percent-fullwidth non-hundred-percent-height-scrolling\" style=\"background-color: #ebf5fa;background-position: center center;background-repeat: no-repeat;border-width: 0px 0px 0px 0px;border-color:#e2e2e2;border-style:solid;\" ><div class=\"fusion-builder-row fusion-row fusion-flex-align-items-flex-start\" style=\"max-width:1128.4px;margin-left: calc(-4% \/ 2 );margin-right: calc(-4% \/ 2 );\"><div class=\"fusion-layout-column fusion_builder_column fusion-builder-column-0 fusion_builder_column_1_1 1_1 fusion-flex-column\"><div class=\"fusion-column-wrapper fusion-flex-justify-content-flex-start fusion-content-layout-column\" style=\"background-position:left top;background-repeat:no-repeat;-webkit-background-size:cover;-moz-background-size:cover;-o-background-size:cover;background-size:cover;padding: 0px 0px 0px 0px;\"><style type=\"text\/css\">@media only screen and (max-width:1200px) {.fusion-title.fusion-title-1{margin-top:0px!important; margin-right:0px!important;margin-bottom:30px!important;margin-left:0px!important;}}@media only screen and (max-width:991px) {.fusion-title.fusion-title-1{margin-top:0px!important; margin-right:0px!important;margin-bottom:15px!important; margin-left:0px!important;}}<\/style><div class=\"fusion-title title fusion-title-1 fusion-sep-none fusion-title-center fusion-title-text fusion-title-size-one\" style=\"margin-top:0px;margin-right:0px;margin-bottom:30px;margin-left:0px;\"><h1 class=\"title-heading-center fusion-responsive-typography-calculated\" style=\"margin:0;--fontSize:55;line-height:1.18;\">Nuotolinio konsultavimo tvarka<\/h1><\/div><\/div><style type=\"text\/css\">.fusion-body .fusion-builder-column-0{width:100% !important;margin-top : 0px;margin-bottom : 20px;}.fusion-builder-column-0 > .fusion-column-wrapper {padding-top : 0px !important;padding-right : 0px !important;margin-right : 1.92%;padding-bottom : 0px !important;padding-left : 0px !important;margin-left : 1.92%;}@media only screen and (max-width:1200px) {.fusion-body .fusion-builder-column-0{width:100% !important;order : 0;}.fusion-builder-column-0 > .fusion-column-wrapper {margin-right : 1.92%;margin-left : 1.92%;}}@media only screen and (max-width:991px) {.fusion-body .fusion-builder-column-0{width:100% !important;order : 0;}.fusion-builder-column-0 > .fusion-column-wrapper {margin-right : 1.92%;margin-left : 1.92%;}}<\/style><\/div><\/div><style type=\"text\/css\">.fusion-body .fusion-flex-container.fusion-builder-row-1{ padding-top : 0px;margin-top : 0px;padding-right : 0px;padding-bottom : 0px;margin-bottom : 0px;padding-left : 0px;}<\/style><\/div><div class=\"fusion-fullwidth fullwidth-box fusion-builder-row-2 fusion-flex-container nonhundred-percent-fullwidth non-hundred-percent-height-scrolling\" style=\"background-color: #ffffff;background-position: center center;background-repeat: no-repeat;border-width: 0px 0px 0px 0px;border-color:#e2e2e2;border-style:solid;\" ><div class=\"fusion-builder-row fusion-row fusion-flex-align-items-flex-start\" style=\"max-width:1128.4px;margin-left: calc(-4% \/ 2 );margin-right: calc(-4% \/ 2 );\"><div class=\"fusion-layout-column fusion_builder_column fusion-builder-column-1 fusion_builder_column_1_1 1_1 fusion-flex-column\"><div class=\"fusion-column-wrapper fusion-flex-justify-content-flex-start fusion-content-layout-column\" style=\"background-position:left top;background-repeat:no-repeat;-webkit-background-size:cover;-moz-background-size:cover;-o-background-size:cover;background-size:cover;padding: 0px 0px 0px 0px;\"><div class=\"fusion-text fusion-text-1\"><p style=\"text-align: right;\">PATVIRTINTA<br \/>\ndirektoriaus<br \/>\n2022-04-29<br \/>\n\u012fsakymu<br \/>\nNr. ADA-1<\/p>\n<\/div><div class=\"fusion-text fusion-text-2\"><p style=\"text-align: center;\">NUOTOLINI\u0172 KONSULTACIJ\u0172 TEIKIMO TVARKOS APRA\u0160AS<\/p>\n<p style=\"text-align: center;\">BENDROSIOS NUOSTATOS<\/p>\n<p>1. UAB \u201cLotusmedica\u201c (toliau &#8211; Klinika) nuotolini\u0173 konsultacij\u0173 teikimo tvarkos apra\u0161as (toliau \u2013 Apra\u0161as) reglamentuoja registracijos nuotolin\u0117ms konsultacijoms bei nuotolini\u0173 konsultacij\u0173 teikimo ir dokumentavimo tvark\u0105.<br \/>\n2. Apra\u0161e vartojamos s\u0105vokos:<br \/>\n2.1. Nuotolin\u0117 konsultacija \u2013 sveikatos prie\u017ei\u016bros paslaug\u0173 teikimas pacientams, naudojant informacines ir komunikacines technologijas, kai paslaugas teikiantis specialistas ir pacientas n\u0117ra toje pa\u010dioje faktin\u0117je vietoje.<br \/>\n2.2. Specialistas \u2013 Klinikoje pagal darbo sutart\u012f dirbantis gydytojas ar kitas sveikatos prie\u017ei\u016bros specialistas, teikiantis nuotolines konsultacijas.<br \/>\n2.3. Pacientas &#8211; asmuo, kuriam bus teikiama ar teikiama Nuotolin\u0117s konsultacija.<br \/>\n3. Jeigu Pacientas yra nepilnametis iki 16 met\u0173, \u0161iame Apra\u0161e numatytas Paciento teises ir pareigas jis \u012fgyvendina per savo atstov\u0105 pagal \u012fstatym\u0105.<br \/>\n4. Nuotolines konsultacijas Klinikoje teikia gydytojai psichiatrai, vaik\u0173 ir paaugli\u0173 gydytojai psichiatrai, psichoterapeutai, psichologai, socialiniai darbuotojai, bendrosios praktikos slaugytojai, psichikos sveikatos slaugytojai, gydytojai asistentai.<br \/>\n5. Nuotolin\u0117s konsultacijos gali b\u016bti teikiamos su Paciento suderintu b\u016bdu, naudojant nuotolinio ry\u0161io technologijas (telefonu arba kompiuterini\u0173 program\u0173 Microsoft Teams, Zoom, Skype ir pan. pagalba).<\/p>\n<p style=\"text-align: center;\">REGISTRACIJA NUOTOLIN\u0116MS KONSULTACIJOMS<\/p>\n<p>6. Nuotolin\u0117ms konsultacijoms Pacientai gali registruotis telefonu, el.pa\u0161tu, ar kitomis ry\u0161io priemon\u0117mis (Skype, Viber, Messenger ir pan.) arba www.lotusmedica.lt internetin\u0117je svetain\u0117je (https:\/\/lotusmedica.lt\/kontaktai\/registracija-internetu\/).<br \/>\n7. Registracijos metu Pacientas turi pateikti savo el. pa\u0161to adres\u0105. Pacientas informuojamas, kad registracija Nuotolinei konsultacijai bus patvirtinta tik jam pasira\u0161ius sutikimo nuotolinei konsultacijai ir sutikimo asmens duomen\u0173 tvarkymui form\u0105 ir i\u0161 anksto sumok\u0117jus Nuotolin\u0117s konsultacijos kain\u0105. Pacientas privalo patvirtinti, kad sutinka el. pa\u0161tu gauti sutikimo form\u0105 ir informacij\u0105, reikaling\u0105 i\u0161ankstiniam apmok\u0117jimui.<br \/>\n8. Administratorius, paciento nurodytu elektroninio pa\u0161to adresu i\u0161siun\u010dia: 8.1. sutikimo nuotolinei konsultacijai form\u0105,<br \/>\n8.2. sutikimo asmens duomen\u0173 tvarkymui form\u0105,<br \/>\n8.3. standartin\u0119 informacij\u0105, reikaling\u0105 i\u0161ankstiniam apmok\u0117jimui.<br \/>\n9. Registracija Nuotolinei konsultacijai patvirtinama, kai Pacientas el. pa\u0161tu atsiun\u010dia pasira\u0161ytas ir nuskanuotas arba pasira\u0161ytas el. para\u0161u sutikimo formas, mok\u0117jimo nurodymo, patvirtinan\u010dio i\u0161ankstin\u012f apmok\u0117jim\u0105 u\u017e Nuotolin\u0119 konsultacij\u0105, kopij\u0105 ir Pacientas su administratoriumi suderina Nuotolin\u0117s konsultacijos dat\u0105, laik\u0105 bei nuotolinio ry\u0161io technologijas Nuotolin\u0117s konsultacijos teikimui.<br \/>\n10.Registracija pirmai konsultacijai galima tik technin\u0117mis priemon\u0117mis, u\u017etikrinan\u010diomis Specialistui galimyb\u0119 matyti Pacient\u0105. Registracija pirmai Nuotolinei konsultacijai telefonu ar kitomis priemon\u0117mis, neu\u017etikrinan\u010diomis Specialistui galimyb\u0117s matyti pacient\u0105, negalima.<br \/>\n11. Registracijos metu Pacientas privalo pateikti teising\u0105 ir i\u0161sami\u0105 informacij\u0105, kurios pra\u0161o Klinika. Pacientas prisiima visi\u0161k\u0105 atsakomyb\u0119 bei bet kokias neigiamas pasekmes u\u017e neteising\u0173 ar netiksli\u0173 duomen\u0173 pateikim\u0105 Klinikai.<\/p>\n<p style=\"text-align: center;\">NUOTOLIN\u0116S KONSULTACIJOS TEIKIMO TVARKA<\/p>\n<p>12. Nuotolin\u0117s konsultacijos teikimui susisiekia Specialistas. Specialistas su Pacientu susisiekia sutartu laiku ir naudodamas su Pacientu suderintas nuotolinio ry\u0161io technologijas. Pirma Nuotolin\u0117 konsultacija galima tik nuotolinio ry\u0161io technologijomis, u\u017etikrinan\u010diomis Specialistui galimyb\u0119 matyti Pacient\u0105.<br \/>\n13. Pokalbiai tarp Pacient\u0173 ir Specialist\u0173 ne\u012fra\u0161omi.<br \/>\n14.Susisiekus su Pacientu, Specialistas prisistato, nurodydamas Klinikos pavadinim\u0105, vard\u0105, pavard\u0119 ir profesin\u0119 kvalifikacij\u0105.<br \/>\n15. Prie\u0161 prad\u0117damas teikti Nutolin\u0119 konsultacij\u0105 Specialistas turi patikrinti Paciento tapatyb\u0119:<br \/>\n15.1. Prie\u0161 teikdamas pirm\u0105 Nuotolin\u0119 konsultacij\u0105 Specialistas turi papra\u0161yti per kamer\u0105 parodyti asmens tapatyb\u0117s kortel\u0119 arba pas\u0105. Patikrinus Paciento tapatyb\u0119, Specialistas tai pa\u017eymi Paciento ambulatorin\u0117je kortel\u0117je.<br \/>\n15.2. Pakartotin\u0117s Nuotolin\u0117s konsultacijos metu, teikiamos technin\u0117mis priemon\u0117mis su vaizdu, Specialistas turi teis\u0119 pra\u0161yti Paciento pakartotinai parodyti asmens tapatyb\u0119 patvirtinant\u012f dokument\u0105, jeigu turi abejoni\u0173 d\u0117l Paciento tapatyb\u0117s.<br \/>\n15.3. Jeigu pakartotin\u0117 Nuotolin\u0117 konsultacija teikiama telefonu, Paciento tapatyb\u0117s nustatymui Specialistas privalo paklausti: Paciento vardo ir pavard\u0117s, gyvenamosios vietos adreso bei keturi\u0173 paskutini\u0173 asmens kodo skai\u010di\u0173. Patikrinus Paciento tapatyb\u0119, Specialistas tai pa\u017eymi Paciento ambulatorin\u0117je kortel\u0117je.<br \/>\n16. Esant abejoni\u0173 d\u0117l Paciento tapatyb\u0117s Nuotolin\u0117 konsultacija negali b\u016bti teikiama ir Pacientui turi b\u016bti pasi\u016bloma atvykti \u012f kontaktin\u0119 konsultacij\u0105. Kol nenustatoma Paciento tapatyb\u0117, Specialistui draud\u017eiama nuotolini\u0173 b\u016bdu teikti bet koki\u0105 informacij\u0105, susijusi\u0105 su Paciento asmeniu ir\/ar u\u017eduoti jam klausimus, kai pa\u010diuose klausimuose jau yra pateikiami asmens duomenys.<br \/>\n17.Specialistai Nuotolin\u0119 konsultacij\u0105 teikia savo kompetencijos ribose. Specialistai privalo atsisakyti teikti Nuotolin\u0119 konsultacij\u0105, nustat\u0119, kad Paciento sveikatos problemos neatitinka j\u0173 profesin\u0117s kompetencijos.<br \/>\n18. Nuotolin\u0117s konsultacijos metu Specialistai gydytojai turi teis\u0119 nenustatyti Pacientui diagnoz\u0117s, jeigu diagnoz\u0117s nustatymui tr\u016bksta duomen\u0173. Tokiu atveju Specialistai gydytojai turi teis\u0119 atsisakyti skirti ar keisti Pacientui paskirt\u0105 gydym\u0105, o Pacientas informuojamas apie poreik\u012f kreiptis kontaktinei konsultacijai.<br \/>\n19. Specialistai turi teis\u0119 atsisakyti teikti nuotolines konsultacijas:<br \/>\n19.1. agresyviai nusiteikusiems Pacientams;<br \/>\n19.2. \u012ftarus Paciento apsinuodijim\u0105 narkotin\u0117mis ir psichotropin\u0117mis med\u017eiagomis;<br \/>\n19.3. \u012ftarus, kad Pacientas yra neblaivus.<br \/>\n20. Specialistai teikdami Nuotolin\u0119 konsultacij\u0105 privalo:<br \/>\n20.1. Kalb\u0117ti tiesiogiai su Pacientu, i\u0161skyrus atvejus, kai Nuotolin\u0117 konsultacija teikiama vaikui iki 16 met\u0173.<br \/>\n20.2. Surinkti i\u0161sami\u0105 ir strukt\u016brizuot\u0105 anamnez\u0119, aktyviai klausytis Paciento, u\u017eduodant jam tikslinan\u010dius klausimus.<br \/>\n20.3. Da\u017enai tikslinti gaunam\u0105 ir perduodam\u0105 informacij\u0105, j\u0105 perfrazuojant, tokiu b\u016bdu u\u017etikrinant, kad abi \u0161alys vienodai j\u0105 supranta.<br \/>\n20.4. Skatinti Pacient\u0105 u\u017eduoti klausimus.<br \/>\n20.5. Nurodyti reikalingus tolimesnius veiksmus ir, kada Pacientui privalu kreiptis pas gydytoj\u0105.<br \/>\n20.6. Papra\u0161yti Paciento pakartoti jam pateiktas rekomendacijas, siekiant \u012fsitikinti, kad Pacientas informacij\u0105 suprato.<br \/>\n20.7. Klausti, ar Pacientas turi kit\u0173 nei\u0161spr\u0119st\u0173 klausim\u0173 ar r\u016bpes\u010di\u0173, susijusi\u0173 su sveikata.<br \/>\n20.8. Leisti Pacientui pirmam baigti ry\u0161\u012f.<br \/>\n20.9. Jeigu Pacientas atsijung\u0117 nesulauk\u0119s Nuotolin\u0117s konsultacijos pabaigos (nutr\u016bko pokalbis), Specialistas privalo m\u0117ginti prisijungti ar perskambinti Pacientui ir t\u0119sti Nuotolin\u0119 konsultacij\u0105 iki jos pabaigos.<br \/>\n21. Jeigu patvirtintu metu Nuotolin\u0117 konsultacija ne\u012fvyksta d\u0117l laikino ry\u0161io priemoni\u0173 veikimo sutrikimo ar kit\u0173 objektyvi\u0173 prie\u017eas\u010di\u0173 (i\u0161skyrus Apra\u0161o 21 punkte nurodytus atvejus), administratoriai turi bandyti susisiekti su Pacientu nurodytais kontaktais. Jeigu su Pacientu nepavyksta susisiekti arba susiekus paai\u0161k\u0117ja, kad Nuotolin\u0117 konsultacija negalima, tokiu atveju Nuotolin\u0117 konsultacija laikoma ne\u012fvykusia ir administratoriai i\u0161 anksto suderintu laiku registruoja Pacient\u0105 naujai Nuotolinei konsultacijai arba Pacientui pasi\u016bloma atvykti kontaktinei konsultacijai.<br \/>\n22. Jei Nuotolin\u0117 konsultacija ne\u012fvyksta d\u0117l Paciento kalt\u0117s (Pacientas pamir\u0161ta sutartu laiku prisijungti, v\u0117luoja prisijungti ilgiau nei 15 min.), Nuotolin\u0117 konsultacija laikoma \u012fvykusia ir pinigai u\u017e Nuotolin\u0119 konsultacij\u0105 negr\u0105\u017einami.<\/p>\n<p style=\"text-align: center;\">MEDICINOS DOKUMENT\u0172 PILDYMAS<\/p>\n<p>23.Suteikus Nuotolin\u0119 konsultacij\u0105, Paciento ambulatorin\u0117je kortel\u0117je pa\u017eymima Nuotolin\u0117s konsultacijos Pacientui suteikimo data, laikas, naudotos nuotolinio ry\u0161io technologijos, Paciento kreipimosi prie\u017eastis, subjektyvi Paciento sveikatos b\u016bkl\u0117 ir Nuotolin\u0117s konsultacijos turinys, i\u0161vados, skirtas gydymas, rekomendacijos. Jeigu Pacientas atsijung\u0117 nesulauk\u0119s Nuotolin\u0117s konsultacijos pabaigos (pokalbis nutr\u016bko) ir Specialistui nepavyko susisiekti pakartotinai, apie tai Specialistas taip pat turi at\u017eym\u0117ti ambulatorin\u0117je kortel\u0117je.<\/p>\n<\/div><\/div><style type=\"text\/css\">.fusion-body .fusion-builder-column-1{width:100% !important;margin-top : 0px;margin-bottom : 20px;}.fusion-builder-column-1 > .fusion-column-wrapper {padding-top : 0px !important;padding-right : 0px !important;margin-right : 1.92%;padding-bottom : 0px !important;padding-left : 0px !important;margin-left : 1.92%;}@media only screen and (max-width:1200px) {.fusion-body .fusion-builder-column-1{width:100% !important;order : 0;}.fusion-builder-column-1 > .fusion-column-wrapper {margin-right : 1.92%;margin-left : 1.92%;}}@media only screen and (max-width:991px) {.fusion-body .fusion-builder-column-1{width:100% !important;order : 0;}.fusion-builder-column-1 > .fusion-column-wrapper {margin-right : 1.92%;margin-left : 1.92%;}}<\/style><\/div><\/div><style type=\"text\/css\">.fusion-body .fusion-flex-container.fusion-builder-row-2{ padding-top : 100px;margin-top : 0px;padding-right : 0px;padding-bottom : 80px;margin-bottom : 0px;padding-left : 0px;}@media only screen and (max-width:1200px) {.fusion-body .fusion-flex-container.fusion-builder-row-2{ padding-top : 75px;padding-bottom : 55px;}}@media only screen and (max-width:991px) {.fusion-body .fusion-flex-container.fusion-builder-row-2{ padding-top : 45px;padding-bottom : 25px;}}<\/style><\/div><div class=\"fusion-fullwidth fullwidth-box fusion-builder-row-3 fusion-flex-container nonhundred-percent-fullwidth non-hundred-percent-height-scrolling\" style=\"background-color: #ebf5fa;background-position: center center;background-repeat: no-repeat;border-width: 0px 0px 0px 0px;border-color:#e2e2e2;border-style:solid;\" ><div class=\"fusion-builder-row fusion-row fusion-flex-align-items-center\" style=\"max-width:1128.4px;margin-left: calc(-4% \/ 2 );margin-right: calc(-4% \/ 2 );\"><div class=\"fusion-layout-column fusion_builder_column fusion-builder-column-2 fusion-flex-column\"><div class=\"fusion-column-wrapper fusion-flex-justify-content-flex-start fusion-content-layout-column\" style=\"background-position:left top;background-repeat:no-repeat;-webkit-background-size:cover;-moz-background-size:cover;-o-background-size:cover;background-size:cover;padding: 0px 0px 0px 0px;\"><style type=\"text\/css\">@media only screen and (max-width:1200px) {.fusion-title.fusion-title-2{margin-top:0px!important;margin-right:!important;margin-bottom:30px!important; margin-left:!important;}}@media only screen and (max-width:991px) {.fusion-title.fusion-title-2{margin-top:45px!important; margin-right:0px!important;margin-bottom:30px!important; margin-left:0px!important;}}<\/style><div class=\"fusion-title title fusion-title-2 fusion-sep-none fusion-title-text fusion-title-size-two\" style=\"margin-top:0px;margin-right:0px;margin-bottom:30px;margin-left:0px;\"><h2 class=\"title-heading-left fusion-responsive-typography-calculated\" style=\"margin:0;--fontSize:40;line-height:1.25;\">Clinic \u201cLOTUS MEDICA\u201d<\/h2><\/div><div class=\"fusion-text fusion-text-3\"><p>Statybinink\u0173 g. 16, LT-50120 Kaunas<\/p>\n<p>Tel. <a href=\"tel:+37069659955\">+370 696 59955<\/a><\/p>\n<p>E-mail: <a href=\"mailto:info@lotusmedica.lt\">info@lotusmedica.lt<\/a><\/p>\n<\/div><div class=\"fusion-separator fusion-full-width-sep\" style=\"align-self: center;margin-left: auto;margin-right: auto;margin-top:30px;width:100%;\"><\/div><div ><style>.fusion-button.button-1{border-radius:5px 5px 5px 5px;}<\/style><a class=\"fusion-button button-flat fusion-button-default-size button-default button-1 fusion-button-default-span fusion-button-default-type btnPrimary\" target=\"_self\" href=\"https:\/\/lotusmedica.lt\/en\/contacts\/online-registration\/\"><span class=\"fusion-button-text\">Online registration<\/span><\/a><\/div><\/div><style type=\"text\/css\">.fusion-body .fusion-builder-column-2{width:60% !important;margin-top : 0px;margin-bottom : 20px;}.fusion-builder-column-2 > .fusion-column-wrapper {padding-top : 0px !important;padding-right : 0px !important;margin-right : 3.2%;padding-bottom : 0px !important;padding-left : 0px !important;margin-left : 3.2%;}@media only screen and (max-width:1200px) {.fusion-body .fusion-builder-column-2{width:60% !important;order : 0;}.fusion-builder-column-2 > .fusion-column-wrapper {margin-right : 3.2%;margin-left : 3.2%;}}@media only screen and (max-width:991px) {.fusion-body .fusion-builder-column-2{width:100% !important;order : 0;}.fusion-builder-column-2 > .fusion-column-wrapper {margin-right : 1.92%;margin-left : 1.92%;}}<\/style><\/div><div class=\"fusion-layout-column fusion_builder_column fusion-builder-column-3 fusion-flex-column\"><div class=\"fusion-column-wrapper fusion-flex-justify-content-flex-start fusion-content-layout-column\" style=\"background-position:left top;background-repeat:no-repeat;-webkit-background-size:cover;-moz-background-size:cover;-o-background-size:cover;background-size:cover;padding: 0px 0px 0px 0px;\"><style type=\"text\/css\">@media only screen and (max-width:1200px) {.fusion-title.fusion-title-3{margin-top:0px!important;margin-right:!important;margin-bottom:30px!important; margin-left:!important;}}@media only screen and (max-width:991px) {.fusion-title.fusion-title-3{margin-top:45px!important; margin-right:0px!important;margin-bottom:30px!important; margin-left:0px!important;}}<\/style><div class=\"fusion-title title fusion-title-3 fusion-sep-none fusion-title-text fusion-title-size-three\" style=\"margin-top:0px;margin-right:0px;margin-bottom:30px;margin-left:0px;\"><h3 class=\"title-heading-left fusion-responsive-typography-calculated\" style=\"margin:0;--fontSize:20;--minFontSize:20px;line-height:1.2;\"><div class=\"CjVfdc CJIdie\">\n<p>Payment information:<\/p>\n<\/div><\/h3><\/div><div class=\"fusion-text fusion-text-4\"><p>UAB \u201cLotusmedica\u201d<\/p>\n<p>Legal entity code 304994501<\/p>\n<p>J. Bili\u016bno g. 8, Jonava<\/p>\n<p>Bank (AB SEB Bankas) account number:<\/p>\n<p>LT 25 7044 0600 0826 8122<\/p>\n<p>ASA licence No 4043<\/p>\n<\/div><\/div><style type=\"text\/css\">.fusion-body .fusion-builder-column-3{width:40% !important;margin-top : 0px;margin-bottom : 20px;}.fusion-builder-column-3 > .fusion-column-wrapper {padding-top : 0px !important;padding-right : 0px !important;margin-right : 4.8%;padding-bottom : 0px !important;padding-left : 0px !important;margin-left : 4.8%;}@media only screen and (max-width:1200px) {.fusion-body .fusion-builder-column-3{width:40% !important;order : 0;}.fusion-builder-column-3 > .fusion-column-wrapper {margin-right : 4.8%;margin-left : 4.8%;}}@media only screen and (max-width:991px) {.fusion-body .fusion-builder-column-3{width:100% !important;order : 0;}.fusion-builder-column-3 > .fusion-column-wrapper {margin-right : 1.92%;margin-left : 1.92%;}}<\/style><\/div><\/div><style type=\"text\/css\">.fusion-body .fusion-flex-container.fusion-builder-row-3{ padding-top : 100px;margin-top : 0px;padding-right : 0px;padding-bottom : 80px;margin-bottom : 0px;padding-left : 0px;}@media only screen and (max-width:1200px) {.fusion-body .fusion-flex-container.fusion-builder-row-3{ padding-top : 80xp;padding-bottom : 60px;}}@media only screen and (max-width:991px) {.fusion-body .fusion-flex-container.fusion-builder-row-3{ padding-top : 60px;padding-bottom : 40px;}}<\/style><\/div>\n<\/p>\n","protected":false},"excerpt":{"rendered":"","protected":false},"author":1,"featured_media":0,"parent":0,"menu_order":0,"comment_status":"closed","ping_status":"closed","template":"100-width.php","meta":{"_acf_changed":false,"footnotes":""},"class_list":["post-2634","page","type-page","status-publish","hentry"],"aioseo_notices":[],"acf":[],"_links":{"self":[{"href":"https:\/\/lotusmedica.lt\/en\/wp-json\/wp\/v2\/pages\/2634","targetHints":{"allow":["GET"]}}],"collection":[{"href":"https:\/\/lotusmedica.lt\/en\/wp-json\/wp\/v2\/pages"}],"about":[{"href":"https:\/\/lotusmedica.lt\/en\/wp-json\/wp\/v2\/types\/page"}],"author":[{"embeddable":true,"href":"https:\/\/lotusmedica.lt\/en\/wp-json\/wp\/v2\/users\/1"}],"replies":[{"embeddable":true,"href":"https:\/\/lotusmedica.lt\/en\/wp-json\/wp\/v2\/comments?post=2634"}],"version-history":[{"count":1,"href":"https:\/\/lotusmedica.lt\/en\/wp-json\/wp\/v2\/pages\/2634\/revisions"}],"predecessor-version":[{"id":2635,"href":"https:\/\/lotusmedica.lt\/en\/wp-json\/wp\/v2\/pages\/2634\/revisions\/2635"}],"wp:attachment":[{"href":"https:\/\/lotusmedica.lt\/en\/wp-json\/wp\/v2\/media?parent=2634"}],"curies":[{"name":"wp","href":"https:\/\/api.w.org\/{rel}","templated":true}]}}