{"id":2710,"date":"2022-04-01T09:54:47","date_gmt":"2022-04-01T09:54:47","guid":{"rendered":"https:\/\/lotusmedica.lt\/komanda\/administracija-copy\/"},"modified":"2024-01-26T14:22:32","modified_gmt":"2024-01-26T14:22:32","slug":"administration","status":"publish","type":"page","link":"https:\/\/lotusmedica.lt\/en\/team\/administration\/","title":{"rendered":"Administration"},"content":{"rendered":"<p><div class=\"fusion-fullwidth fullwidth-box fusion-builder-row-1 fusion-flex-container header-section arrow-down nonhundred-percent-fullwidth non-hundred-percent-height-scrolling\" style=\"background-color: #ebf5fa;background-position: center center;background-repeat: no-repeat;border-width: 0px 0px 0px 0px;border-color:#e2e2e2;border-style:solid;\" ><div class=\"fusion-builder-row fusion-row fusion-flex-align-items-flex-start\" style=\"max-width:1128.4px;margin-left: calc(-4% \/ 2 );margin-right: calc(-4% \/ 2 );\"><div class=\"fusion-layout-column fusion_builder_column fusion-builder-column-0 fusion_builder_column_1_1 1_1 fusion-flex-column\"><div class=\"fusion-column-wrapper fusion-flex-justify-content-flex-start fusion-content-layout-column\" style=\"background-position:left top;background-repeat:no-repeat;-webkit-background-size:cover;-moz-background-size:cover;-o-background-size:cover;background-size:cover;padding: 0px 0px 0px 0px;\"><div class=\"fusion-text fusion-text-1 fusion-text-no-margin\" style=\"text-align:center;color:var(--awb-color6);margin-bottom:10px;\"><div class=\"aioseo-breadcrumbs\"><span class=\"aioseo-breadcrumb\">\n\tPagridinis\n<\/span><\/div>\n<\/div><style type=\"text\/css\">@media only screen and (max-width:1200px) {.fusion-title.fusion-title-1{margin-top:0px!important; margin-right:0px!important;margin-bottom:30px!important;margin-left:0px!important;}}@media only screen and (max-width:991px) {.fusion-title.fusion-title-1{margin-top:0px!important; margin-right:0px!important;margin-bottom:15px!important; margin-left:0px!important;}}<\/style><div class=\"fusion-title title fusion-title-1 fusion-sep-none fusion-title-center fusion-title-text fusion-title-size-one\" style=\"margin-top:0px;margin-right:0px;margin-bottom:30px;margin-left:0px;\"><h1 class=\"title-heading-center fusion-responsive-typography-calculated\" style=\"margin:0;--fontSize:55;line-height:1.18;\">Administration<\/h1><\/div><\/div><style type=\"text\/css\">.fusion-body .fusion-builder-column-0{width:100% !important;margin-top : 0px;margin-bottom : 20px;}.fusion-builder-column-0 > .fusion-column-wrapper {padding-top : 0px !important;padding-right : 0px !important;margin-right : 1.92%;padding-bottom : 0px !important;padding-left : 0px !important;margin-left : 1.92%;}@media only screen and (max-width:1200px) {.fusion-body .fusion-builder-column-0{width:100% !important;order : 0;}.fusion-builder-column-0 > .fusion-column-wrapper {margin-right : 1.92%;margin-left : 1.92%;}}@media only screen and (max-width:991px) {.fusion-body .fusion-builder-column-0{width:100% !important;order : 0;}.fusion-builder-column-0 > .fusion-column-wrapper {margin-right : 1.92%;margin-left : 1.92%;}}<\/style><\/div><\/div><style type=\"text\/css\">.fusion-body .fusion-flex-container.fusion-builder-row-1{ padding-top : 0px;margin-top : 0px;padding-right : 0px;padding-bottom : 0px;margin-bottom : 0px;padding-left : 0px;}<\/style><\/div><div class=\"fusion-fullwidth fullwidth-box fusion-builder-row-2 fusion-flex-container nonhundred-percent-fullwidth non-hundred-percent-height-scrolling\" style=\"background-color: #ffffff;background-position: center center;background-repeat: no-repeat;border-width: 0px 0px 0px 0px;border-color:#e2e2e2;border-style:solid;\" ><div class=\"fusion-builder-row fusion-row fusion-flex-align-items-flex-start\" style=\"max-width:calc( 1085px + 55px );margin-left: calc(-55px \/ 2 );margin-right: calc(-55px \/ 2 );\"><div class=\"fusion-layout-column fusion_builder_column fusion-builder-column-1 fusion_builder_column_1_1 1_1 fusion-flex-column\"><div class=\"fusion-column-wrapper fusion-flex-justify-content-flex-start fusion-content-layout-column\" style=\"background-position:left top;background-repeat:no-repeat;-webkit-background-size:cover;-moz-background-size:cover;-o-background-size:cover;background-size:cover;padding: 0px 0px 0px 0px;\"><div class=\"fusion-text fusion-text-2\"><p>The administrative staff of the &#8220;Lotus Medica&#8221; clinic is made up of individuals from many professions who have good communication and organizational abilities. Administrative staff are distinguished by their expertise, prompt responsiveness to new challenges, and devotion to consciously aiding each seeking customer.<\/p>\n<\/div><\/div><style type=\"text\/css\">.fusion-body .fusion-builder-column-1{width:100% !important;margin-top : 0px;margin-bottom : 20px;}.fusion-builder-column-1 > .fusion-column-wrapper {padding-top : 0px !important;padding-right : 0px !important;margin-right : 27.5px;padding-bottom : 0px !important;padding-left : 0px !important;margin-left : 27.5px;}@media only screen and (max-width:1200px) {.fusion-body .fusion-builder-column-1{width:100% !important;order : 0;}.fusion-builder-column-1 > .fusion-column-wrapper {margin-right : 27.5px;margin-left : 27.5px;}}@media only screen and (max-width:991px) {.fusion-body .fusion-builder-column-1{width:100% !important;order : 0;}.fusion-builder-column-1 > .fusion-column-wrapper {margin-right : 27.5px;margin-left : 27.5px;}}<\/style><\/div><\/div><style type=\"text\/css\">.fusion-body .fusion-flex-container.fusion-builder-row-2{ padding-top : 100px;margin-top : 0px;padding-right : 0px;padding-bottom : 0px;margin-bottom : 0px;padding-left : 0px;}@media only screen and (max-width:1200px) {.fusion-body .fusion-flex-container.fusion-builder-row-2{ padding-top : 75px;}}@media only screen and (max-width:991px) {.fusion-body .fusion-flex-container.fusion-builder-row-2{ padding-top : 45px;}}<\/style><\/div><div class=\"fusion-fullwidth fullwidth-box fusion-builder-row-3 fusion-flex-container nonhundred-percent-fullwidth non-hundred-percent-height-scrolling\" style=\"background-color: #ffffff;background-position: center center;background-repeat: no-repeat;border-width: 0px 0px 0px 0px;border-color:#e2e2e2;border-style:solid;\" ><div class=\"fusion-builder-row fusion-row fusion-flex-align-items-flex-start\" style=\"max-width:calc( 1085px + 55px );margin-left: calc(-55px \/ 2 );margin-right: calc(-55px \/ 2 );\"><div class=\"fusion-layout-column fusion_builder_column fusion-builder-column-2 fusion_builder_column_1_1 1_1 fusion-flex-column\"><div class=\"fusion-column-wrapper fusion-flex-justify-content-flex-start fusion-content-layout-column\" style=\"background-position:left top;background-repeat:no-repeat;-webkit-background-size:cover;-moz-background-size:cover;-o-background-size:cover;background-size:cover;padding: 0px 0px 0px 0px;\"><div class=\"custom-doctors-list\"><div class=\"custom-doctors-wrapper\">    <div class=\"doctor-item\">\n        <div class=\"doctor-item-wrap\">\n            <div class=\"doctor-item-image en\">\n                                    <div class=\"doctor-item-image-wrap\">\n                        <div class=\"doctor-item-image-src\" style=\"background-image:url('https:\/\/lotusmedica.lt\/wp-content\/uploads\/2022\/04\/ausra-bacvinkiene.jpg');\"><\/div>\n                    <\/div>\n                            <\/div>\n            <div class=\"doctor-item-content\">\n                <div class=\"doctor-item-content-wrap\">\n                    <div class=\"doctor-item-title\">\n                        <h3>Au\u0161ra Bacvinkien\u0117<\/h3>\n                    <\/div>\n                    <div class=\"doctor-item-category\">\n                        <span>General practice nurse, Mental health nurse<\/span>\n                    <\/div>\n                    <div class=\"doctor-item-intro\">\n                        I am a general practice nurse with 30 years of experience in the field of psychiatry.                     <\/div>\n                                            <div class=\"doctor-item-languages\">\n                            <div class=\"speak-languages\">\n                                <span class=\"speak-languages-title\">Consults in the following languages<\/span>\n                                                                    <span class=\"lt-flag\" title=\"lt\"><\/span>\n                                                                    <span class=\"ru-flag\" title=\"ru\"><\/span>\n                                                            <\/div>\n                        <\/div>\n                                                        <\/div>\n            <\/div>\n        <\/div>\n    <\/div>\n        <div class=\"doctor-item\">\n        <div class=\"doctor-item-wrap\">\n            <div class=\"doctor-item-image en\">\n                                    <div class=\"doctor-item-image-wrap\">\n                        <div class=\"doctor-item-image-src\" style=\"background-image:url('https:\/\/lotusmedica.lt\/wp-content\/uploads\/2024\/11\/IMGP2818-crop-5.jpg');\"><\/div>\n                    <\/div>\n                            <\/div>\n            <div class=\"doctor-item-content\">\n                <div class=\"doctor-item-content-wrap\">\n                    <div class=\"doctor-item-title\">\n                        <h3>Laura Vitkauskait\u0117<\/h3>\n                    <\/div>\n                    <div class=\"doctor-item-category\">\n                        <span>Administrator\u0117<\/span>\n                    <\/div>\n                    <div class=\"doctor-item-intro\">\n                        Darbe man svarbiausios vertyb\u0117s - atsakomyb\u0117, atjauta ir tolerancija, kuriomis vadovaujuosi kiekvien\u0105 dien\u0105.                    <\/div>\n                                            <div class=\"doctor-item-languages\">\n                            <div class=\"speak-languages\">\n                                <span class=\"speak-languages-title\">Consults in the following languages<\/span>\n                                                                    <span class=\"lt-flag\" title=\"lt\"><\/span>\n                                                            <\/div>\n                        <\/div>\n                                                        <\/div>\n            <\/div>\n        <\/div>\n    <\/div>\n        <div class=\"doctor-item\">\n        <div class=\"doctor-item-wrap\">\n            <div class=\"doctor-item-image en\">\n                                    <div class=\"doctor-item-image-wrap\">\n                        <div class=\"doctor-item-image-src\" style=\"background-image:url('https:\/\/lotusmedica.lt\/wp-content\/uploads\/2024\/01\/milda_milvydaite-1.jpg');\"><\/div>\n                    <\/div>\n                            <\/div>\n            <div class=\"doctor-item-content\">\n                <div class=\"doctor-item-content-wrap\">\n                    <div class=\"doctor-item-title\">\n                        <h3>Milda Milvydait\u0117<\/h3>\n                    <\/div>\n                    <div class=\"doctor-item-category\">\n                        <span>Administrator<\/span>\n                    <\/div>\n                    <div class=\"doctor-item-intro\">\n                        The greatest motivation for me is the opportunity to help every patient seeking help.                    <\/div>\n                                            <div class=\"doctor-item-languages\">\n                            <div class=\"speak-languages\">\n                                <span class=\"speak-languages-title\">Consults in the following languages<\/span>\n                                                                    <span class=\"lt-flag\" title=\"lt\"><\/span>\n                                                                    <span class=\"en-flag\" title=\"en\"><\/span>\n                                                                    <span class=\"ru-flag\" title=\"ru\"><\/span>\n                                                            <\/div>\n                        <\/div>\n                                                        <\/div>\n            <\/div>\n        <\/div>\n    <\/div>\n    <\/div><\/div><\/div><style type=\"text\/css\">.fusion-body .fusion-builder-column-2{width:100% !important;margin-top : 0px;margin-bottom : 20px;}.fusion-builder-column-2 > .fusion-column-wrapper {padding-top : 0px !important;padding-right : 0px !important;margin-right : 27.5px;padding-bottom : 0px !important;padding-left : 0px !important;margin-left : 27.5px;}@media only screen and (max-width:1200px) {.fusion-body .fusion-builder-column-2{width:100% !important;order : 0;}.fusion-builder-column-2 > .fusion-column-wrapper {margin-right : 27.5px;margin-left : 27.5px;}}@media only screen and (max-width:991px) {.fusion-body .fusion-builder-column-2{width:100% !important;order : 0;}.fusion-builder-column-2 > .fusion-column-wrapper {margin-right : 27.5px;margin-left : 27.5px;}}<\/style><\/div><\/div><style type=\"text\/css\">.fusion-body .fusion-flex-container.fusion-builder-row-3{ padding-top : 100px;margin-top : 0px;padding-right : 0px;padding-bottom : 80px;margin-bottom : 0px;padding-left : 0px;}@media only screen and (max-width:1200px) {.fusion-body .fusion-flex-container.fusion-builder-row-3{ padding-top : 75px;padding-bottom : 55px;}}@media only screen and (max-width:991px) {.fusion-body .fusion-flex-container.fusion-builder-row-3{ padding-top : 45px;padding-bottom : 25px;}}<\/style><\/div><div class=\"fusion-fullwidth fullwidth-box fusion-builder-row-4 fusion-flex-container nonhundred-percent-fullwidth non-hundred-percent-height-scrolling\" style=\"background-color: rgba(255,255,255,0);background-position: center center;background-repeat: no-repeat;border-width: 0px 0px 0px 0px;border-color:#e2e2e2;border-style:solid;\" ><div class=\"fusion-builder-row fusion-row fusion-flex-align-items-flex-start\" style=\"max-width:1128.4px;margin-left: calc(-4% \/ 2 );margin-right: calc(-4% \/ 2 );\"><div class=\"fusion-layout-column fusion_builder_column fusion-builder-column-3 fusion_builder_column_1_1 1_1 fusion-flex-column\"><div class=\"fusion-column-wrapper fusion-flex-justify-content-flex-start fusion-content-layout-column\" style=\"background-position:left top;background-repeat:no-repeat;-webkit-background-size:cover;-moz-background-size:cover;-o-background-size:cover;background-size:cover;padding: 0px 0px 0px 0px;\"><style type=\"text\/css\">@media only screen and (max-width:1200px) {.fusion-title.fusion-title-2{margin-top:0px!important; margin-right:0px!important;margin-bottom:30px!important;margin-left:0px!important;}}@media only screen and (max-width:991px) {.fusion-title.fusion-title-2{margin-top:0px!important; margin-right:0px!important;margin-bottom:15px!important; margin-left:0px!important;}}<\/style><div class=\"fusion-title title fusion-title-2 fusion-sep-none fusion-title-center fusion-title-text fusion-title-size-two\" style=\"margin-top:0px;margin-right:0px;margin-bottom:30px;margin-left:0px;\"><h2 class=\"title-heading-center fusion-responsive-typography-calculated\" style=\"margin:0;--fontSize:40;line-height:1.25;\">Registration<\/h2><\/div><div class=\"fusion-text fusion-text-3\" style=\"text-align:center;\"><p>Phone: +370 696 59955<\/p>\n<p>Email: info@lotusmedica.lt<\/p>\n<\/div><div style=\"text-align:center;\"><style>.fusion-button.button-1{border-radius:5px 5px 5px 5px;}<\/style><a class=\"fusion-button button-flat fusion-button-default-size button-default button-1 fusion-button-default-span fusion-button-default-type btnPrimary\" target=\"_self\" href=\"https:\/\/lotusmedica.lt\/en\/contacts\/online-registration\/\" style=\"margin-top:30px;\"><span class=\"fusion-button-text\">Online registration<\/span><\/a><\/div><\/div><style type=\"text\/css\">.fusion-body .fusion-builder-column-3{width:100% !important;margin-top : 0px;margin-bottom : 20px;}.fusion-builder-column-3 > .fusion-column-wrapper {padding-top : 0px !important;padding-right : 0px !important;margin-right : 1.92%;padding-bottom : 0px !important;padding-left : 0px !important;margin-left : 1.92%;}@media only screen and (max-width:1200px) {.fusion-body .fusion-builder-column-3{width:100% !important;order : 0;}.fusion-builder-column-3 > .fusion-column-wrapper {margin-right : 1.92%;margin-left : 1.92%;}}@media only screen and (max-width:991px) {.fusion-body .fusion-builder-column-3{width:100% !important;order : 0;}.fusion-builder-column-3 > .fusion-column-wrapper {margin-right : 1.92%;margin-left : 1.92%;}}<\/style><\/div><\/div><style type=\"text\/css\">.fusion-body .fusion-flex-container.fusion-builder-row-4{ padding-top : 0px;margin-top : 0px;padding-right : 0px;padding-bottom : 0px;margin-bottom : 80px;padding-left : 0px;}@media only screen and (max-width:1200px) {.fusion-body .fusion-flex-container.fusion-builder-row-4{ margin-bottom : 55px;}}@media only screen and (max-width:991px) {.fusion-body .fusion-flex-container.fusion-builder-row-4{ margin-bottom : 25px;}}<\/style><\/div>\n<div class=\"fusion-fullwidth fullwidth-box fusion-builder-row-5 fusion-flex-container nonhundred-percent-fullwidth non-hundred-percent-height-scrolling\" style=\"background-color: #ebf5fa;background-position: center center;background-repeat: no-repeat;border-width: 0px 0px 0px 0px;border-color:#e2e2e2;border-style:solid;\" ><div class=\"fusion-builder-row fusion-row fusion-flex-align-items-center\" style=\"max-width:1128.4px;margin-left: calc(-4% \/ 2 );margin-right: calc(-4% \/ 2 );\"><div class=\"fusion-layout-column fusion_builder_column fusion-builder-column-4 fusion_builder_column_1_3 1_3 fusion-flex-column\"><div class=\"fusion-column-wrapper fusion-flex-justify-content-flex-start fusion-content-layout-column\" style=\"background-position:left top;background-repeat:no-repeat;-webkit-background-size:cover;-moz-background-size:cover;-o-background-size:cover;background-size:cover;padding: 0px 0px 0px 0px;\"><style type=\"text\/css\">@media only screen and (max-width:1200px) {.fusion-title.fusion-title-3{margin-top:0px!important;margin-right:!important;margin-bottom:30px!important; margin-left:!important;}}@media only screen and (max-width:991px) {.fusion-title.fusion-title-3{margin-top:0px!important; margin-right:0px!important;margin-bottom:30px!important; margin-left:0px!important;}}<\/style><div class=\"fusion-title title fusion-title-3 fusion-sep-none fusion-title-center fusion-title-text fusion-title-size-two\" style=\"margin-top:0px;margin-right:0px;margin-bottom:30px;margin-left:0px;\"><h2 class=\"title-heading-center fusion-responsive-typography-calculated\" style=\"margin:0;--fontSize:40;line-height:1.25;\">Contact us<\/h2><\/div><div class=\"fusion-text fusion-text-4\"><p style=\"text-align: center;\">Statybinink\u0173 g. 16, LT-50120 Kaunas<\/p>\n<p style=\"text-align: center;\">Tel. <a href=\"tel:+37069659955\">+370 696 59955<\/a><\/p>\n<p style=\"text-align: center;\">E-mail: <a href=\"mailto:info@lotusmedica.lt\">info@lotusmedica.lt<\/a><\/p>\n<\/div><\/div><style type=\"text\/css\">.fusion-body .fusion-builder-column-4{width:33.333333333333% !important;margin-top : 0px;margin-bottom : 20px;}.fusion-builder-column-4 > .fusion-column-wrapper {padding-top : 0px !important;padding-right : 0px !important;margin-right : 5.76%;padding-bottom : 0px !important;padding-left : 0px !important;margin-left : 5.76%;}@media only screen and (max-width:1200px) {.fusion-body .fusion-builder-column-4{width:33.333333333333% !important;order : 0;}.fusion-builder-column-4 > .fusion-column-wrapper {margin-right : 5.76%;margin-left : 5.76%;}}@media only screen and (max-width:991px) {.fusion-body .fusion-builder-column-4{width:100% !important;order : 0;}.fusion-builder-column-4 > .fusion-column-wrapper {margin-right : 1.92%;margin-left : 1.92%;}}<\/style><\/div><div class=\"fusion-layout-column fusion_builder_column fusion-builder-column-5 fusion_builder_column_1_3 1_3 fusion-flex-column\"><div class=\"fusion-column-wrapper fusion-flex-justify-content-flex-start fusion-content-layout-column\" style=\"background-position:left top;background-repeat:no-repeat;-webkit-background-size:cover;-moz-background-size:cover;-o-background-size:cover;background-size:cover;padding: 0px 0px 0px 0px;\"><div style=\"text-align:center;\"><span class=\" fusion-imageframe imageframe-none imageframe-1 hover-type-none\" style=\"max-width:100%;\"><img decoding=\"async\" width=\"400\" height=\"443\" title=\"Rankos\" src=\"https:\/\/lotusmedica.lt\/wp-content\/uploads\/2021\/02\/hands-400x443_opt.webp\" data-orig-src=\"https:\/\/lotusmedica.lt\/wp-content\/uploads\/2021\/02\/hands-400x443_opt.webp\" alt class=\"lazyload img-responsive wp-image-2991\" srcset=\"data:image\/svg+xml,%3Csvg%20xmlns%3D%27http%3A%2F%2Fwww.w3.org%2F2000%2Fsvg%27%20width%3D%27400%27%20height%3D%27443%27%20viewBox%3D%270%200%20400%20443%27%3E%3Crect%20width%3D%27400%27%20height%3D%27443%27%20fill-opacity%3D%220%22%2F%3E%3C%2Fsvg%3E\" data-srcset=\"https:\/\/lotusmedica.lt\/wp-content\/uploads\/2021\/02\/hands-400x443_opt-200x222.webp 200w, https:\/\/lotusmedica.lt\/wp-content\/uploads\/2021\/02\/hands-400x443_opt-271x300.webp 271w, https:\/\/lotusmedica.lt\/wp-content\/uploads\/2021\/02\/hands-400x443_opt.webp 400w\" data-sizes=\"auto\" data-orig-sizes=\"(max-width: 991px) 100vw, 400px\" \/><\/span><\/div><\/div><style type=\"text\/css\">.fusion-body .fusion-builder-column-5{width:33.333333333333% !important;margin-top : 0px;margin-bottom : 20px;}.fusion-builder-column-5 > .fusion-column-wrapper {padding-top : 0px !important;padding-right : 0px !important;margin-right : 5.76%;padding-bottom : 0px !important;padding-left : 0px !important;margin-left : 5.76%;}@media only screen and (max-width:1200px) {.fusion-body .fusion-builder-column-5{width:33.333333333333% !important;order : 0;margin-top : 0;margin-bottom : 20px;}.fusion-builder-column-5 > .fusion-column-wrapper {margin-right : 5.76%;margin-left : 5.76%;}}@media only screen and (max-width:991px) {.fusion-body .fusion-builder-column-5{width:100% !important;order : 0;margin-top : 70px;margin-bottom : 70px;}.fusion-builder-column-5 > .fusion-column-wrapper {margin-right : 1.92%;margin-left : 1.92%;}}<\/style><\/div><div class=\"fusion-layout-column fusion_builder_column fusion-builder-column-6 fusion_builder_column_1_3 1_3 fusion-flex-column\"><div class=\"fusion-column-wrapper fusion-flex-justify-content-flex-start fusion-content-layout-column\" style=\"background-position:left top;background-repeat:no-repeat;-webkit-background-size:cover;-moz-background-size:cover;-o-background-size:cover;background-size:cover;padding: 0px 0px 0px 0px;\"><style type=\"text\/css\">@media only screen and (max-width:1200px) {.fusion-title.fusion-title-4{margin-top:0px!important;margin-right:!important;margin-bottom:30px!important; margin-left:!important;}}@media only screen and (max-width:991px) {.fusion-title.fusion-title-4{margin-top:0px!important; margin-right:0px!important;margin-bottom:30px!important; margin-left:0px!important;}}<\/style><div class=\"fusion-title title fusion-title-4 fusion-sep-none fusion-title-center fusion-title-text fusion-title-size-two\" style=\"margin-top:0px;margin-right:0px;margin-bottom:30px;margin-left:0px;\"><h2 class=\"title-heading-center fusion-responsive-typography-calculated\" style=\"margin:0;--fontSize:40;line-height:1.25;\">Opening hours<\/h2><\/div><div class=\"fusion-text fusion-text-5\"><p style=\"text-align: center;\">\u00a0 \u00a0I \u2013 V 9:00-19:00<\/p>\n<p style=\"text-align: center;\">VI 10:00-14:00 (every Saturday)<\/p>\n<p style=\"text-align: center;\">VII Closed<\/p>\n<\/div><\/div><style type=\"text\/css\">.fusion-body .fusion-builder-column-6{width:33.333333333333% !important;margin-top : 0px;margin-bottom : 20px;}.fusion-builder-column-6 > .fusion-column-wrapper {padding-top : 0px !important;padding-right : 0px !important;margin-right : 5.76%;padding-bottom : 0px !important;padding-left : 0px !important;margin-left : 5.76%;}@media only screen and (max-width:1200px) {.fusion-body .fusion-builder-column-6{width:33.333333333333% !important;order : 0;}.fusion-builder-column-6 > .fusion-column-wrapper {margin-right : 5.76%;margin-left : 5.76%;}}@media only screen and (max-width:991px) {.fusion-body .fusion-builder-column-6{width:100% !important;order : 0;}.fusion-builder-column-6 > .fusion-column-wrapper {margin-right : 1.92%;margin-left : 1.92%;}}<\/style><\/div><\/div><style type=\"text\/css\">.fusion-body .fusion-flex-container.fusion-builder-row-5{ padding-top : 100px;margin-top : 0px;padding-right : 0px;padding-bottom : 80px;margin-bottom : 0px;padding-left : 0px;}@media only screen and (max-width:1200px) {.fusion-body .fusion-flex-container.fusion-builder-row-5{ padding-top : 80xp;padding-bottom : 60px;}}@media only screen and (max-width:991px) {.fusion-body .fusion-flex-container.fusion-builder-row-5{ padding-top : 60px;padding-bottom : 40px;}}<\/style><\/div>\n<\/p>\n","protected":false},"excerpt":{"rendered":"","protected":false},"author":1,"featured_media":0,"parent":2705,"menu_order":0,"comment_status":"closed","ping_status":"closed","template":"100-width.php","meta":{"_acf_changed":false,"footnotes":""},"class_list":["post-2710","page","type-page","status-publish","hentry"],"aioseo_notices":[],"acf":[],"_links":{"self":[{"href":"https:\/\/lotusmedica.lt\/en\/wp-json\/wp\/v2\/pages\/2710","targetHints":{"allow":["GET"]}}],"collection":[{"href":"https:\/\/lotusmedica.lt\/en\/wp-json\/wp\/v2\/pages"}],"about":[{"href":"https:\/\/lotusmedica.lt\/en\/wp-json\/wp\/v2\/types\/page"}],"author":[{"embeddable":true,"href":"https:\/\/lotusmedica.lt\/en\/wp-json\/wp\/v2\/users\/1"}],"replies":[{"embeddable":true,"href":"https:\/\/lotusmedica.lt\/en\/wp-json\/wp\/v2\/comments?post=2710"}],"version-history":[{"count":6,"href":"https:\/\/lotusmedica.lt\/en\/wp-json\/wp\/v2\/pages\/2710\/revisions"}],"predecessor-version":[{"id":3371,"href":"https:\/\/lotusmedica.lt\/en\/wp-json\/wp\/v2\/pages\/2710\/revisions\/3371"}],"up":[{"embeddable":true,"href":"https:\/\/lotusmedica.lt\/en\/wp-json\/wp\/v2\/pages\/2705"}],"wp:attachment":[{"href":"https:\/\/lotusmedica.lt\/en\/wp-json\/wp\/v2\/media?parent=2710"}],"curies":[{"name":"wp","href":"https:\/\/api.w.org\/{rel}","templated":true}]}}